{"id":155,"date":"2022-01-10T17:06:23","date_gmt":"2022-01-10T16:06:23","guid":{"rendered":"https:\/\/associations-en-danger.fr\/?page_id=155"},"modified":"2026-02-13T17:09:14","modified_gmt":"2026-02-13T16:09:14","slug":"condamnation-de-letat","status":"publish","type":"page","link":"https:\/\/casfc.fr\/index.php\/condamnation-de-letat\/","title":{"rendered":"Condamnation de l&rsquo;Etat"},"content":{"rendered":"\t\t<div data-elementor-type=\"wp-page\" data-elementor-id=\"155\" class=\"elementor elementor-155\">\n\t\t\t\t\t\t<section class=\"elementor-section elementor-top-section elementor-element elementor-element-3bde58a elementor-section-boxed elementor-section-height-default elementor-section-height-default\" data-id=\"3bde58a\" data-element_type=\"section\" data-e-type=\"section\">\n\t\t\t\t\t\t<div class=\"elementor-container elementor-column-gap-default\">\n\t\t\t\t\t<div class=\"elementor-column elementor-col-100 elementor-top-column elementor-element elementor-element-c54407d\" data-id=\"c54407d\" data-element_type=\"column\" data-e-type=\"column\">\n\t\t\t<div class=\"elementor-widget-wrap elementor-element-populated\">\n\t\t\t\t\t\t<div class=\"elementor-element elementor-element-aef5954 elementor-widget elementor-widget-heading\" data-id=\"aef5954\" data-element_type=\"widget\" data-e-type=\"widget\" data-widget_type=\"heading.default\">\n\t\t\t\t<div class=\"elementor-widget-container\">\n\t\t\t\t\t<h2 class=\"elementor-heading-title elementor-size-default\">Condamnation en r\u00e9f\u00e9r\u00e9 de l'Etat pour atteinte aux libert\u00e9s fondamentales<\/h2>\t\t\t\t<\/div>\n\t\t\t\t<\/div>\n\t\t\t\t\t<\/div>\n\t\t<\/div>\n\t\t\t\t\t<\/div>\n\t\t<\/section>\n\t\t\t\t<section class=\"elementor-section elementor-top-section elementor-element elementor-element-2221039 elementor-section-boxed elementor-section-height-default elementor-section-height-default\" data-id=\"2221039\" data-element_type=\"section\" data-e-type=\"section\">\n\t\t\t\t\t\t<div class=\"elementor-container elementor-column-gap-default\">\n\t\t\t\t\t<div class=\"elementor-column elementor-col-100 elementor-top-column elementor-element elementor-element-15723d1\" data-id=\"15723d1\" data-element_type=\"column\" data-e-type=\"column\">\n\t\t\t<div class=\"elementor-widget-wrap elementor-element-populated\">\n\t\t\t\t\t\t<div class=\"elementor-element elementor-element-ef36461 elementor-widget elementor-widget-text-editor\" data-id=\"ef36461\" data-element_type=\"widget\" data-e-type=\"widget\" data-widget_type=\"text-editor.default\">\n\t\t\t\t<div class=\"elementor-widget-container\">\n\t\t\t\t\t\t\t\t\t<p><strong>Par ordonnance en date du 7 juin 2021, le juge des r\u00e9f\u00e9r\u00e9s a consid\u00e9r\u00e9 que l&rsquo;Etat avait port\u00e9 atteinte aux libert\u00e9s fondamentales et a prononc\u00e9 l&rsquo;annulation du transfert des activit\u00e9s d&rsquo;insertion du CASFC \u00e0 l&rsquo;association FMS, coopt\u00e9e par la pr\u00e9fecture des Vosges. <\/strong><\/p><p><strong>L&rsquo;Etat a \u00e9galement \u00e9t\u00e9 condamn\u00e9 \u00e0 verser au CASFC une somme de 1500 \u20ac au titre de l&rsquo;article L. 7 61-1 du code de justice administrative.\u00a0<\/strong><\/p>\t\t\t\t\t\t\t\t<\/div>\n\t\t\t\t<\/div>\n\t\t\t\t\t<\/div>\n\t\t<\/div>\n\t\t\t\t\t<\/div>\n\t\t<\/section>\n\t\t\t\t<section class=\"elementor-section elementor-top-section elementor-element elementor-element-fa79ab2 elementor-section-boxed elementor-section-height-default elementor-section-height-default\" data-id=\"fa79ab2\" data-element_type=\"section\" data-e-type=\"section\">\n\t\t\t\t\t\t<div class=\"elementor-container elementor-column-gap-default\">\n\t\t\t\t\t<div class=\"elementor-column elementor-col-100 elementor-top-column elementor-element elementor-element-41d40e7\" data-id=\"41d40e7\" data-element_type=\"column\" data-e-type=\"column\">\n\t\t\t<div class=\"elementor-widget-wrap elementor-element-populated\">\n\t\t\t\t\t\t<div class=\"elementor-element elementor-element-33957ec elementor-align-center elementor-widget elementor-widget-button\" data-id=\"33957ec\" data-element_type=\"widget\" data-e-type=\"widget\" data-widget_type=\"button.default\">\n\t\t\t\t<div class=\"elementor-widget-container\">\n\t\t\t\t\t\t\t\t\t<div class=\"elementor-button-wrapper\">\n\t\t\t\t\t<a class=\"elementor-button elementor-button-link elementor-size-sm\" href=\"https:\/\/casfc.fr\/wp-content\/uploads\/2026\/02\/ordonnance-2101601.pdf\" target=\"_blank\">\n\t\t\t\t\t\t<span class=\"elementor-button-content-wrapper\">\n\t\t\t\t\t\t\t\t\t<span class=\"elementor-button-text\">Consultez le texte du jugement en cliquant ici !<\/span>\n\t\t\t\t\t<\/span>\n\t\t\t\t\t<\/a>\n\t\t\t\t<\/div>\n\t\t\t\t\t\t\t\t<\/div>\n\t\t\t\t<\/div>\n\t\t\t\t\t<\/div>\n\t\t<\/div>\n\t\t\t\t\t<\/div>\n\t\t<\/section>\n\t\t\t\t<section class=\"elementor-section elementor-top-section elementor-element elementor-element-1109161 elementor-section-boxed elementor-section-height-default elementor-section-height-default\" data-id=\"1109161\" data-element_type=\"section\" data-e-type=\"section\">\n\t\t\t\t\t\t<div class=\"elementor-container elementor-column-gap-default\">\n\t\t\t\t\t<div class=\"elementor-column elementor-col-100 elementor-top-column elementor-element elementor-element-760905b\" data-id=\"760905b\" data-element_type=\"column\" data-e-type=\"column\">\n\t\t\t<div class=\"elementor-widget-wrap elementor-element-populated\">\n\t\t\t\t\t\t<div class=\"elementor-element elementor-element-af3a40e elementor-widget elementor-widget-text-editor\" data-id=\"af3a40e\" data-element_type=\"widget\" data-e-type=\"widget\" data-widget_type=\"text-editor.default\">\n\t\t\t\t<div class=\"elementor-widget-container\">\n\t\t\t\t\t\t\t\t\t<p>\u00a0<\/p><p>En vertu des dispositions des articles L. 511-1 et L. 521-2 du code de justice administrative, il appartient au juge des r\u00e9f\u00e9r\u00e9s, lorsqu&rsquo;il est saisi sur le fondement de l&rsquo;article L. 521-2 et qu&rsquo;il constate une atteinte grave et manifestement ill\u00e9gale port\u00e9e par une personne morale de droit public \u00e0 une libert\u00e9 fondamentale, r\u00e9sultant de l&rsquo;action ou de la carence de cette personne publique, de prescrire les mesures qui sont de nature \u00e0 faire dispara\u00eetre les effets de cette atteinte, d\u00e8s lors qu&rsquo;existe une situation d&rsquo;urgence caract\u00e9ris\u00e9e justifiant le prononc\u00e9 de mesures de sauvegarde \u00e0 tr\u00e8s bref d\u00e9lai. Le caract\u00e8re manifestement ill\u00e9gal de l&rsquo;atteinte doit s&rsquo;appr\u00e9cier notamment en tenant compte des moyens dont dispose l&rsquo;autorit\u00e9 administrative comp\u00e9tente et des mesures qu&rsquo;elle a d\u00e9j\u00e0 prises. <br \/>Pour l&rsquo;application de l&rsquo;article L. 521-2 du code de justice administrative, la libert\u00e9 d&rsquo;entreprendre constitue une libert\u00e9 fondamentale au sens des dispositions de cet article. Si le pr\u00e9fet des Vosges soutient que l&rsquo;activit\u00e9 \u00e9conomique en cause de l&rsquo;association s&rsquo;est jusqu&rsquo;\u00e0 pr\u00e9sent exerc\u00e9e dans le cadre d&rsquo;ateliers et de chantiers d&rsquo;insertion, relevant des dispositions des articles L. 5132-15 et suivants du code du travail, cette circonstance ne fait pas par elle-m\u00eame obstacle \u00e0 ce qu&rsquo;elle se poursuive dans un cadre diff\u00e9rent, l&rsquo;intention manifest\u00e9e par l&rsquo;administration de ne plus conventionner avec l&rsquo;association requ\u00e9rante pour la mise en \u0153uvre de ces activit\u00e9s, \u00e0 la supposer persistante, obligeant seulement cette derni\u00e8re \u00e0 se restructurer pour lui permettre de les exercer dans un autre cadre. Par suite, la fin de non-recevoir oppos\u00e9e par le pr\u00e9fet des Vosges, tir\u00e9e de ce qu&rsquo;aucune libert\u00e9 fondamentale ne serait en jeu, ne peut qu&rsquo;\u00eatre \u00e9cart\u00e9e.<\/p>\t\t\t\t\t\t\t\t<\/div>\n\t\t\t\t<\/div>\n\t\t\t\t\t<\/div>\n\t\t<\/div>\n\t\t\t\t\t<\/div>\n\t\t<\/section>\n\t\t\t\t<section class=\"elementor-section elementor-top-section elementor-element elementor-element-7d47b75 elementor-section-boxed elementor-section-height-default elementor-section-height-default\" data-id=\"7d47b75\" data-element_type=\"section\" data-e-type=\"section\">\n\t\t\t\t\t\t<div class=\"elementor-container elementor-column-gap-default\">\n\t\t\t\t\t<div class=\"elementor-column elementor-col-100 elementor-top-column elementor-element elementor-element-fb9c5ce\" data-id=\"fb9c5ce\" data-element_type=\"column\" data-e-type=\"column\">\n\t\t\t<div class=\"elementor-widget-wrap elementor-element-populated\">\n\t\t\t\t\t\t<div class=\"elementor-element elementor-element-241c2be elementor-widget elementor-widget-text-editor\" data-id=\"241c2be\" data-element_type=\"widget\" data-e-type=\"widget\" data-widget_type=\"text-editor.default\">\n\t\t\t\t<div class=\"elementor-widget-container\">\n\t\t\t\t\t\t\t\t\t<a href=\"https:\/\/casfc.fr\/index.php\/le-casfc-retabli-dans-son-droit-de-gerer-des-aci\/\">Cliquez ici pour en savoir plus !<\/a>\t\t\t\t\t\t\t\t<\/div>\n\t\t\t\t<\/div>\n\t\t\t\t\t<\/div>\n\t\t<\/div>\n\t\t\t\t\t<\/div>\n\t\t<\/section>\n\t\t\t\t<\/div>\n\t\t","protected":false},"excerpt":{"rendered":"<p>Condamnation en r\u00e9f\u00e9r\u00e9 de l&rsquo;Etat pour atteinte aux libert\u00e9s fondamentales Par ordonnance en date du 7 juin 2021, le juge des r\u00e9f\u00e9r\u00e9s a consid\u00e9r\u00e9 que l&rsquo;Etat avait port\u00e9 atteinte aux libert\u00e9s fondamentales et a prononc\u00e9 l&rsquo;annulation du transfert des activit\u00e9s d&rsquo;insertion du CASFC \u00e0 l&rsquo;association FMS, coopt\u00e9e par la pr\u00e9fecture des Vosges. L&rsquo;Etat a \u00e9galement [&hellip;]<\/p>\n","protected":false},"author":2,"featured_media":0,"parent":0,"menu_order":0,"comment_status":"closed","ping_status":"closed","template":"","meta":{"footnotes":""},"class_list":["post-155","page","type-page","status-publish","hentry","entry"],"_links":{"self":[{"href":"https:\/\/casfc.fr\/index.php\/wp-json\/wp\/v2\/pages\/155","targetHints":{"allow":["GET"]}}],"collection":[{"href":"https:\/\/casfc.fr\/index.php\/wp-json\/wp\/v2\/pages"}],"about":[{"href":"https:\/\/casfc.fr\/index.php\/wp-json\/wp\/v2\/types\/page"}],"author":[{"embeddable":true,"href":"https:\/\/casfc.fr\/index.php\/wp-json\/wp\/v2\/users\/2"}],"replies":[{"embeddable":true,"href":"https:\/\/casfc.fr\/index.php\/wp-json\/wp\/v2\/comments?post=155"}],"version-history":[{"count":9,"href":"https:\/\/casfc.fr\/index.php\/wp-json\/wp\/v2\/pages\/155\/revisions"}],"predecessor-version":[{"id":3336,"href":"https:\/\/casfc.fr\/index.php\/wp-json\/wp\/v2\/pages\/155\/revisions\/3336"}],"wp:attachment":[{"href":"https:\/\/casfc.fr\/index.php\/wp-json\/wp\/v2\/media?parent=155"}],"curies":[{"name":"wp","href":"https:\/\/api.w.org\/{rel}","templated":true}]}}