{"id":169,"date":"2011-08-30T11:28:22","date_gmt":"2011-08-30T11:28:22","guid":{"rendered":"http:\/\/casfc.fr\/privacy-policy\/"},"modified":"2023-05-31T18:54:22","modified_gmt":"2023-05-31T16:54:22","slug":"publication-legale","status":"publish","type":"page","link":"https:\/\/casfc.fr\/index.php\/publication-legale\/","title":{"rendered":"Publication l\u00e9gale"},"content":{"rendered":"\t\t<div data-elementor-type=\"wp-page\" data-elementor-id=\"169\" class=\"elementor elementor-169\">\n\t\t\t\t\t\t<section class=\"elementor-section elementor-top-section elementor-element elementor-element-2febda1 elementor-section-boxed elementor-section-height-default elementor-section-height-default\" data-id=\"2febda1\" data-element_type=\"section\" data-e-type=\"section\">\n\t\t\t\t\t\t<div class=\"elementor-container elementor-column-gap-default\">\n\t\t\t\t\t<div class=\"elementor-column elementor-col-100 elementor-top-column elementor-element elementor-element-5f0aaee0\" data-id=\"5f0aaee0\" data-element_type=\"column\" data-e-type=\"column\">\n\t\t\t<div class=\"elementor-widget-wrap elementor-element-populated\">\n\t\t\t\t\t\t<div class=\"elementor-element elementor-element-7b9bf0b elementor-widget elementor-widget-text-editor\" data-id=\"7b9bf0b\" data-element_type=\"widget\" data-e-type=\"widget\" data-widget_type=\"text-editor.default\">\n\t\t\t\t<div class=\"elementor-widget-container\">\n\t\t\t\t\t\t\t\t\t<h3 style=\"text-align: center;\"><strong>Mentions l\u00e9gales<\/strong><\/h3><h5 style=\"text-align: center;\"><strong>Editeur<\/strong><\/h5><p style=\"text-align: center;\">CASFC<br \/>Association loi 1901 d\u00e9clar\u00e9e en pr\u00e9fecture d\u2019Epinal le 16 septembre 1974<br \/>sous le n\u00b0 00881000170<br \/>Siret\u00a0: 30887709100014<\/p><p style=\"text-align: center;\">Si\u00e8ge social\u00a0:<br \/>Centre d\u2019Activit\u00e9s Sociales, Familiales &amp; Culturelles<br \/>24, rue Aristide Briand<br \/>88700 Rambervillers<\/p><p style=\"text-align: center;\">Pour nous contacter :<br \/>courriel : contact@casfc.fr<\/p><h5 style=\"text-align: center;\"><strong>Directeur de la publication :<br \/><\/strong><\/h5><p style=\"text-align: center;\">Monsieur Guy Renard, Pr\u00e9sident<\/p><h5 style=\"text-align: center;\"><strong>Hebergeur :<br \/><\/strong><\/h5><p style=\"text-align: center;\">OVH<br \/>2 rue Kellermann<br \/>59100 Roubaix &#8211; France<\/p><h3 style=\"text-align: center;\"><strong>INFORMATIQUE ET LIBERTES<\/strong><\/h3><h5 style=\"text-align: center;\"><strong>Informations personnelles collect\u00e9es<\/strong><\/h5><p style=\"text-align: center;\">En France, les donn\u00e9es personnelles sont notamment prot\u00e9g\u00e9es par la loi n\u00b0\u00a078-87 du 6 janvier 1978, la loi n\u00b0\u00a02004-801 du 6 ao\u00fbt 2004, l\u2019article L. 226-13 du Code p\u00e9nal et la Directive Europ\u00e9enne du 24 octobre 1995.<\/p><p style=\"text-align: center;\">En tout \u00e9tat de cause CASFC ne collecte des informations personnelles relatives \u00e0 l\u2019utilisateur (nom, adresse \u00e9lectronique, coordonn\u00e9es t\u00e9l\u00e9phoniques) que pour le besoin des services propos\u00e9s par le site du CASFC. L\u2019utilisateur fournit ces informations en toute connaissance de cause, notamment lorsqu\u2019il proc\u00e8de par lui-m\u00eame \u00e0 leur saisie. Il est alors pr\u00e9cis\u00e9 \u00e0 l\u2019utilisateur du site du r\u00e9seau CASFC le caract\u00e8re obligatoire ou non des informations qu\u2019il serait amen\u00e9 \u00e0 fournir.<\/p><h5 style=\"text-align: center;\"><strong>Rectification des informations nominatives collect\u00e9es<\/strong><\/h5><p style=\"text-align: center;\">Conform\u00e9ment aux dispositions de l\u2019article 34 de la loi n\u00b0\u00a048-87 du 6 janvier 1978, l\u2019utilisateur dispose d\u2019un droit de modification des donn\u00e9es nominatives collect\u00e9es le concernant. Pour ce faire, l\u2019utilisateur envoie au CASFC\u00a0:<\/p><ul><li>un courrier \u00e9lectronique en utilisant le formulaire de contact.<\/li><li>un courrier \u00e0 l\u2019adresse du si\u00e8ge de l\u2019association (indiqu\u00e9e ci-dessus) en indiquant son nom ou sa raison sociale, ses coordonn\u00e9es physiques et\/ou \u00e9lectroniques, ainsi que le cas \u00e9ch\u00e9ant la r\u00e9f\u00e9rence dont il disposerait en tant qu\u2019utilisateur du site CASFC.<\/li><\/ul><p style=\"text-align: center;\">La modification interviendra dans des d\u00e9lais raisonnables \u00e0 compter de la r\u00e9ception de la demande de l\u2019utilisateur.<\/p>\t\t\t\t\t\t\t\t<\/div>\n\t\t\t\t<\/div>\n\t\t\t\t\t<\/div>\n\t\t<\/div>\n\t\t\t\t\t<\/div>\n\t\t<\/section>\n\t\t\t\t<\/div>\n\t\t","protected":false},"excerpt":{"rendered":"<p>Mentions l\u00e9gales Editeur CASFCAssociation loi 1901 d\u00e9clar\u00e9e en pr\u00e9fecture d\u2019Epinal le 16 septembre 1974sous le n\u00b0 00881000170Siret\u00a0: 30887709100014 Si\u00e8ge social\u00a0:Centre d\u2019Activit\u00e9s Sociales, Familiales &amp; Culturelles24, rue Aristide Briand88700 Rambervillers Pour nous contacter :courriel : contact@casfc.fr Directeur de la publication : Monsieur Guy Renard, Pr\u00e9sident Hebergeur : OVH2 rue Kellermann59100 Roubaix &#8211; France INFORMATIQUE ET LIBERTES [&hellip;]<\/p>\n","protected":false},"author":1,"featured_media":0,"parent":0,"menu_order":10,"comment_status":"closed","ping_status":"open","template":"","meta":{"footnotes":""},"class_list":["post-169","page","type-page","status-publish","hentry","entry"],"_links":{"self":[{"href":"https:\/\/casfc.fr\/index.php\/wp-json\/wp\/v2\/pages\/169","targetHints":{"allow":["GET"]}}],"collection":[{"href":"https:\/\/casfc.fr\/index.php\/wp-json\/wp\/v2\/pages"}],"about":[{"href":"https:\/\/casfc.fr\/index.php\/wp-json\/wp\/v2\/types\/page"}],"author":[{"embeddable":true,"href":"https:\/\/casfc.fr\/index.php\/wp-json\/wp\/v2\/users\/1"}],"replies":[{"embeddable":true,"href":"https:\/\/casfc.fr\/index.php\/wp-json\/wp\/v2\/comments?post=169"}],"version-history":[{"count":3,"href":"https:\/\/casfc.fr\/index.php\/wp-json\/wp\/v2\/pages\/169\/revisions"}],"predecessor-version":[{"id":3052,"href":"https:\/\/casfc.fr\/index.php\/wp-json\/wp\/v2\/pages\/169\/revisions\/3052"}],"wp:attachment":[{"href":"https:\/\/casfc.fr\/index.php\/wp-json\/wp\/v2\/media?parent=169"}],"curies":[{"name":"wp","href":"https:\/\/api.w.org\/{rel}","templated":true}]}}