{"id":2227,"date":"2017-02-01T13:48:57","date_gmt":"2017-02-01T12:48:57","guid":{"rendered":"http:\/\/www.casfc.fr\/?page_id=2227"},"modified":"2017-02-01T13:48:57","modified_gmt":"2017-02-01T12:48:57","slug":"historique","status":"publish","type":"page","link":"https:\/\/casfc.fr\/index.php\/historique\/","title":{"rendered":"A propos"},"content":{"rendered":"<h4>La maison o\u00f9 se situe le CHRS appartenait aux religieuses de la Doctrine Chr\u00e9tienne de Nancy. Depuis 1968, la communaut\u00e9 des religieuses, dirig\u00e9e par S\u0153ur Anne-Marie, y organisait une activit\u00e9 d&rsquo;accueil de groupes d&rsquo;adultes ou d&rsquo;enfants. D\u00e8s 1972, elles ont eu la volont\u00e9 de s\u2019ouvrir au plus grand nombre, et se sont inscrites dans une approche plurielle int\u00e9grant, dans son organisation des personnes de la soci\u00e9t\u00e9 civile, Claudine et Guy Renard, qui les ont aid\u00e9es \u00e0 impulser un nouveau sens \u00e0 leur action.<\/h4>\n<h4>En convergence entre cette volont\u00e9 d\u2019ouverture, des besoins rep\u00e9r\u00e9s (population en difficult\u00e9) et un potentiel existant (locaux) ces 3 personnes ont cr\u00e9\u00e9 en septembre 1974, l\u2019association CASFC pour \u00e9largir d\u00e9finitivement l&rsquo;horizon de cette maison et offrir des possibilit\u00e9s nouvelles d\u2019actions de solidarit\u00e9. Le d\u00e9veloppement de l\u2019association s\u2019est acc\u00e9l\u00e9r\u00e9 \u00e0 partir de 1977, suite \u00e0 une probl\u00e9matique r\u00e9currente identifi\u00e9e autour de familles souffrant de maltraitance et en lien avec la l\u00e9gislation (loi 1975). S\u0153ur Anne-Marie, Claudine et Guy Renard \u00e9laborent alors un projet de cr\u00e9ation d\u2019un centre d\u2019h\u00e9bergement.<\/h4>\n<h4>En 1983, l\u2019autorisation d\u2019ouverture du CHRS est acquise, mais sans financement. Pendant deux ans (en 1984 et 1985), un grand \u00e9lan de solidarit\u00e9 a r\u00e9uni quelque 150 b\u00e9n\u00e9voles afin de r\u00e9nover les locaux et les adapter \u00e0 l\u2019ouverture du futur centre d\u2019h\u00e9bergement des femmes et des enfants.<\/h4>\n<h4>Mai 1985 : Ouverture du Centre d\u2019H\u00e9bergement et de R\u00e9adaptation Sociale, d\u2019une capacit\u00e9 de 6 lits autoris\u00e9s et financ\u00e9s par la DDASS. La capacit\u00e9 d\u2019h\u00e9bergement augmente r\u00e9guli\u00e8rement jusqu\u2019\u00e0 31 lits depuis 2004.<\/h4>\n<p style=\"text-align: center;\"><img fetchpriority=\"high\" decoding=\"async\" class=\"aligncenter size-full wp-image-2230\" src=\"http:\/\/www.casfc.fr\/wp-content\/uploads\/2017\/02\/100_0289.jpg\" alt=\"\" width=\"2032\" height=\"1354\" \/><br \/>\nLe CHRS en 2004<\/p>\n<h4 style=\"text-align: left;\">Le CHRS se situe en territoire rural, dans le centre de Rambervillers, ville de 6000 habitants. Cette localisation g\u00e9ographique est favorable \u00e0 la r\u00e9alisation de partenariats de proximit\u00e9\u00a0: les enfants sont imm\u00e9diatement admis dans les \u00e9coles et coll\u00e8ge du secteur, les enseignants contactent l\u2019\u00e9quipe socio-\u00e9ducative en cas de difficult\u00e9, les services publics et commerces sont tous accessibles \u00e0 pied. De plus, l\u2019\u00e9loignement de leur secteur d\u2019origine permet une mise \u00e0 l\u2019abri de femmes victimes de violences conjugales, qui composent la grande majorit\u00e9 des personnes accueillies.<\/h4>\n<h4 style=\"text-align: left;\">Au contraire, la situation en territoire rural peut rendre difficile l\u2019acc\u00e8s \u00e0 certains services de sant\u00e9, \u00e0 la pr\u00e9fecture, au tribunal\u2026 Selon les besoins, l\u2019\u00e9quipe socio-\u00e9ducative accompagne les personnes, une ligne de bus dessert la ville, et un v\u00e9hicule du CHRS peut \u00eatre mis \u00e0 disposition des femmes h\u00e9berg\u00e9es.<\/h4>\n<h4 style=\"text-align: left;\">La ruralit\u00e9 n\u2019est pas toujours propice en termes d\u2019emploi. Cependant, le CASFC comprend un service d\u2019insertion professionnelle pour remettre \u00e0 l\u2019\u00e9trier de l\u2019emploi des personnes qui en sont \u00e9loign\u00e9es. Les activit\u00e9s sont diverses\u00a0: couture, friperie, espaces verts, jardin, ma\u00e7onnerie\u2026 Certaines femmes h\u00e9berg\u00e9es peuvent ainsi rejoindre les ateliers et chantiers d\u2019insertion, lorsqu\u2019elles sont pr\u00eates \u00e0 assumer un emploi de 28 heures hebdomadaires.<\/h4>\n<h4 style=\"text-align: left;\">Enfin, le Point Accueil Ecoute du CASFC jouxte le CHRS. Ouverts \u00e0 toutes personnes en rupture ou dans l&rsquo;isolement, il permet de cr\u00e9er du lien social, d\u2019\u00e9changer autour d\u2019un caf\u00e9 ou d\u2019un repas, de participer \u00e0 des activit\u00e9s collectives.<\/h4>\n<h4 style=\"text-align: left;\">Le CASFC est membre du r\u00e9seau FNARS (F\u00e9d\u00e9ration Nationale des Associations d\u2019Accueil et de R\u00e9insertion Sociale), adh\u00e9rent URIOPSS Lorraine (Union R\u00e9gionale Interf\u00e9d\u00e9rale des Organismes Priv\u00e9s Sanitaires &amp; Sociaux), SYNEAS (syndicat des employeurs associatifs de l&rsquo;action sociale et m\u00e9dico-sociale), et est acteur de l&rsquo;Economie Sociale et Solidaire (ESS).<\/h4>\n<h3 style=\"text-align: center;\">Missions<\/h3>\n<h4 style=\"text-align: left;\">Dans son projet associatif, le CASFC &#8211; CHRS se donne pour mission d\u2019accueillir des femmes et leurs enfants dans le cadre d\u2019un agr\u00e9ment de 31 places compl\u00e9t\u00e9es d\u2019une place d\u2019urgence hivernale.<\/h4>\n<h4 style=\"text-align: left;\">Deux profils sont \u00e0 distinguer : les femmes victimes de violences (physique, psychologique, sexuelle, \u00e9conomique) et les femmes en grande difficult\u00e9 sociale adress\u00e9es par un service sp\u00e9cialis\u00e9 ou un juge. Mais avant tout, ce sont les enfants qui habitent le Centre puisqu\u2019ils repr\u00e9sentent en moyenne les deux tiers des personnes accueillies.<\/h4>\n<h4 style=\"text-align: left;\">L\u2019\u00e9tablissement milite pour l\u2019\u00e9mancipation des femmes, le respect de leurs droits et de leur dignit\u00e9. En ce sens, un partenariat ancien est mis en place avec le Centre d\u2019Informations sur les Droits des Femmes et des Familles des Vosges. Il permet un regard crois\u00e9 sur des situations de femmes, la participation \u00e0 des actions CIDFF (groupe de parole, forum des acteurs de la lutte contre les violences faites aux femmes\u2026).<\/h4>\n","protected":false},"excerpt":{"rendered":"<p>La maison o\u00f9 se situe le CHRS appartenait aux religieuses de la Doctrine Chr\u00e9tienne de Nancy. Depuis 1968, la communaut\u00e9 des religieuses, dirig\u00e9e par S\u0153ur Anne-Marie, y organisait une activit\u00e9 d&rsquo;accueil de groupes d&rsquo;adultes ou d&rsquo;enfants. D\u00e8s 1972, elles ont eu la volont\u00e9 de s\u2019ouvrir au plus grand nombre, et se sont inscrites dans une [&hellip;]<\/p>\n","protected":false},"author":1,"featured_media":0,"parent":0,"menu_order":0,"comment_status":"closed","ping_status":"closed","template":"page-fullwidth.php","meta":{"footnotes":""},"class_list":["post-2227","page","type-page","status-publish","hentry","entry"],"_links":{"self":[{"href":"https:\/\/casfc.fr\/index.php\/wp-json\/wp\/v2\/pages\/2227","targetHints":{"allow":["GET"]}}],"collection":[{"href":"https:\/\/casfc.fr\/index.php\/wp-json\/wp\/v2\/pages"}],"about":[{"href":"https:\/\/casfc.fr\/index.php\/wp-json\/wp\/v2\/types\/page"}],"author":[{"embeddable":true,"href":"https:\/\/casfc.fr\/index.php\/wp-json\/wp\/v2\/users\/1"}],"replies":[{"embeddable":true,"href":"https:\/\/casfc.fr\/index.php\/wp-json\/wp\/v2\/comments?post=2227"}],"version-history":[{"count":0,"href":"https:\/\/casfc.fr\/index.php\/wp-json\/wp\/v2\/pages\/2227\/revisions"}],"wp:attachment":[{"href":"https:\/\/casfc.fr\/index.php\/wp-json\/wp\/v2\/media?parent=2227"}],"curies":[{"name":"wp","href":"https:\/\/api.w.org\/{rel}","templated":true}]}}