{"id":2656,"date":"2025-03-21T17:18:34","date_gmt":"2025-03-21T16:18:34","guid":{"rendered":"https:\/\/associations-en-danger.fr\/?page_id=2656"},"modified":"2025-03-21T17:18:34","modified_gmt":"2025-03-21T16:18:34","slug":"annulation-du-transfert-a-la-fms-des-activites-economiques-relatives-aux-ateliers-et-chantiers-dinsertion-gerees-par-le-casfc","status":"publish","type":"page","link":"https:\/\/casfc.fr\/index.php\/annulation-du-transfert-a-la-fms-des-activites-economiques-relatives-aux-ateliers-et-chantiers-dinsertion-gerees-par-le-casfc\/","title":{"rendered":"Annulation du transfert \u00e0 la FMS, des activit\u00e9s \u00e9conomiques relatives aux ateliers et chantiers d\u2019insertion g\u00e9r\u00e9es par le CASFC"},"content":{"rendered":"\t\t<div data-elementor-type=\"wp-page\" data-elementor-id=\"2656\" class=\"elementor elementor-2656\">\n\t\t\t\t\t\t<section class=\"elementor-section elementor-top-section elementor-element elementor-element-6d80e69 elementor-section-boxed elementor-section-height-default elementor-section-height-default\" data-id=\"6d80e69\" data-element_type=\"section\" data-e-type=\"section\">\n\t\t\t\t\t\t<div class=\"elementor-container elementor-column-gap-default\">\n\t\t\t\t\t<div class=\"elementor-column elementor-col-100 elementor-top-column elementor-element elementor-element-5077503\" data-id=\"5077503\" data-element_type=\"column\" data-e-type=\"column\">\n\t\t\t<div class=\"elementor-widget-wrap elementor-element-populated\">\n\t\t\t\t\t\t<div class=\"elementor-element elementor-element-3396cf4 elementor-widget elementor-widget-heading\" data-id=\"3396cf4\" data-element_type=\"widget\" data-e-type=\"widget\" data-widget_type=\"heading.default\">\n\t\t\t\t<div class=\"elementor-widget-container\">\n\t\t\t\t\t<h2 class=\"elementor-heading-title elementor-size-default\">Annulation du transfert \u00e0 la FMS, des activit\u00e9s \u00e9conomiques relatives aux ateliers et chantiers d\u2019insertion g\u00e9r\u00e9es par le CASFC<\/h2>\t\t\t\t<\/div>\n\t\t\t\t<\/div>\n\t\t\t\t\t<\/div>\n\t\t<\/div>\n\t\t\t\t\t<\/div>\n\t\t<\/section>\n\t\t\t\t<section class=\"elementor-section elementor-top-section elementor-element elementor-element-44ddc96 elementor-section-boxed elementor-section-height-default elementor-section-height-default\" data-id=\"44ddc96\" data-element_type=\"section\" data-e-type=\"section\">\n\t\t\t\t\t\t<div class=\"elementor-container elementor-column-gap-default\">\n\t\t\t\t\t<div class=\"elementor-column elementor-col-100 elementor-top-column elementor-element elementor-element-df180b5\" data-id=\"df180b5\" data-element_type=\"column\" data-e-type=\"column\">\n\t\t\t<div class=\"elementor-widget-wrap elementor-element-populated\">\n\t\t\t\t\t\t<div class=\"elementor-element elementor-element-e0345fd elementor-widget elementor-widget-text-editor\" data-id=\"e0345fd\" data-element_type=\"widget\" data-e-type=\"widget\" data-widget_type=\"text-editor.default\">\n\t\t\t\t<div class=\"elementor-widget-container\">\n\t\t\t\t\t\t\t\t\t<p>Il est rappel\u00e9 que, le transfert \u00e0 la FMS, des activit\u00e9s \u00e9conomiques relatives aux ateliers et chantiers d\u2019insertion g\u00e9r\u00e9es par le CASFC avait \u00e9t\u00e9 suspendu par ordonnance en date du 7 juin 2021 du juge des r\u00e9f\u00e9r\u00e9s du TA de NANCY. Cependant, \u00e0 d\u00e9faut de restitution des financements publics de ces activit\u00e9s d\u2019insertion, soit sous forme de conventionnement des ACI, soit au moyen de contrats uniques d\u2019insertion en PEC (parcours emploi comp\u00e9tences), le CASFC s\u2019\u00e9tait trouv\u00e9 contraint de cesser l\u2019ensemble de ces activit\u00e9s et de se s\u00e9parer du personnel affect\u00e9 \u00e0 ces activit\u00e9s d\u00e8s le mois d\u2019octobre 2021.<\/p><ul><li>Par jugement du TA de Nancy en date du 16 novembre 2023, sont annul\u00e9es\u00a0:<ul><li>les d\u00e9cisions du Pr\u00e9fet des Vosges, mettant fin \u00e0 la convention de subventionnement conclue avec l\u2019association CASFC au 31 mai 2021 et son avenant sign\u00e9 le 18 mai 2021 en ce qui concerne les ateliers et chantiers d\u2019insertion,<\/li><li>ainsi que\u00a0 la d\u00e9cision accordant la convention de subventionnement \u00e0 la F\u00e9d\u00e9ration m\u00e9dico-sociale (FMS) des Vosges et la convention entre cette association et le Pr\u00e9fet des Vosges sign\u00e9e le 12 mai 2021.<\/li><\/ul><\/li><\/ul><p>\u00a0<\/p><ul><li>Par jugement du TA de Nancy en date du 27 f\u00e9vrier 2025 est annul\u00e9e la d\u00e9cision du 13 janvier 2022 par laquelle le pr\u00e9fet conclut que le CASFC n\u2019est plus conventionn\u00e9 en tant qu\u2019atelier chantier d\u2019insertion, et qu\u2019elle ne peut donc plus embaucher sous forme de CDDI.\u00a0<\/li><\/ul><p>En effet, le juge consid\u00e8re que le pr\u00e9fet a commis une erreur de droit en subordonnant la demande de conventionnement \u00e0 la production d\u2019un rescrit fiscal.\u00a0<\/p><p>Le juge a donc enjoint \u00e0 la pr\u00e9f\u00e8te des Vosges de r\u00e9examiner la demande de conventionnement du CASFC dans un d\u00e9lai de deux mois \u00e0 compter de la notification du jugement, sans toutefois assortir cette injonction d\u2019une astreinte.<\/p>\t\t\t\t\t\t\t\t<\/div>\n\t\t\t\t<\/div>\n\t\t\t\t\t<\/div>\n\t\t<\/div>\n\t\t\t\t\t<\/div>\n\t\t<\/section>\n\t\t\t\t<\/div>\n\t\t","protected":false},"excerpt":{"rendered":"<p>Annulation du transfert \u00e0 la FMS, des activit\u00e9s \u00e9conomiques relatives aux ateliers et chantiers d\u2019insertion g\u00e9r\u00e9es par le CASFC Il est rappel\u00e9 que, le transfert \u00e0 la FMS, des activit\u00e9s \u00e9conomiques relatives aux ateliers et chantiers d\u2019insertion g\u00e9r\u00e9es par le CASFC avait \u00e9t\u00e9 suspendu par ordonnance en date du 7 juin 2021 du juge des [&hellip;]<\/p>\n","protected":false},"author":2,"featured_media":0,"parent":0,"menu_order":0,"comment_status":"closed","ping_status":"closed","template":"","meta":{"footnotes":""},"class_list":["post-2656","page","type-page","status-publish","hentry","entry"],"_links":{"self":[{"href":"https:\/\/casfc.fr\/index.php\/wp-json\/wp\/v2\/pages\/2656","targetHints":{"allow":["GET"]}}],"collection":[{"href":"https:\/\/casfc.fr\/index.php\/wp-json\/wp\/v2\/pages"}],"about":[{"href":"https:\/\/casfc.fr\/index.php\/wp-json\/wp\/v2\/types\/page"}],"author":[{"embeddable":true,"href":"https:\/\/casfc.fr\/index.php\/wp-json\/wp\/v2\/users\/2"}],"replies":[{"embeddable":true,"href":"https:\/\/casfc.fr\/index.php\/wp-json\/wp\/v2\/comments?post=2656"}],"version-history":[{"count":0,"href":"https:\/\/casfc.fr\/index.php\/wp-json\/wp\/v2\/pages\/2656\/revisions"}],"wp:attachment":[{"href":"https:\/\/casfc.fr\/index.php\/wp-json\/wp\/v2\/media?parent=2656"}],"curies":[{"name":"wp","href":"https:\/\/api.w.org\/{rel}","templated":true}]}}