{"id":2669,"date":"2025-03-23T16:56:19","date_gmt":"2025-03-23T15:56:19","guid":{"rendered":"https:\/\/associations-en-danger.fr\/?page_id=2669"},"modified":"2026-02-13T17:01:48","modified_gmt":"2026-02-13T16:01:48","slug":"le-casfc-retabli-dans-son-droit-de-gerer-des-aci","status":"publish","type":"page","link":"https:\/\/casfc.fr\/index.php\/le-casfc-retabli-dans-son-droit-de-gerer-des-aci\/","title":{"rendered":"Le CASFC r\u00e9tabli dans son droit de g\u00e9rer des ACI"},"content":{"rendered":"\t\t<div data-elementor-type=\"wp-page\" data-elementor-id=\"2669\" class=\"elementor elementor-2669\">\n\t\t\t\t\t\t<section class=\"elementor-section elementor-top-section elementor-element elementor-element-621783f elementor-section-boxed elementor-section-height-default elementor-section-height-default\" data-id=\"621783f\" data-element_type=\"section\" data-e-type=\"section\">\n\t\t\t\t\t\t<div class=\"elementor-container elementor-column-gap-default\">\n\t\t\t\t\t<div class=\"elementor-column elementor-col-100 elementor-top-column elementor-element elementor-element-6ffd167\" data-id=\"6ffd167\" data-element_type=\"column\" data-e-type=\"column\">\n\t\t\t<div class=\"elementor-widget-wrap elementor-element-populated\">\n\t\t\t\t\t\t<div class=\"elementor-element elementor-element-e1c446c elementor-widget elementor-widget-heading\" data-id=\"e1c446c\" data-element_type=\"widget\" data-e-type=\"widget\" data-widget_type=\"heading.default\">\n\t\t\t\t<div class=\"elementor-widget-container\">\n\t\t\t\t\t<h2 class=\"elementor-heading-title elementor-size-default\">Le CASFC r\u00e9tabli dans son droit de g\u00e9rer des ateliers et chantiers d'insertion <\/h2>\t\t\t\t<\/div>\n\t\t\t\t<\/div>\n\t\t\t\t\t<\/div>\n\t\t<\/div>\n\t\t\t\t\t<\/div>\n\t\t<\/section>\n\t\t\t\t<section class=\"elementor-section elementor-top-section elementor-element elementor-element-09fb3e2 elementor-section-boxed elementor-section-height-default elementor-section-height-default\" data-id=\"09fb3e2\" data-element_type=\"section\" data-e-type=\"section\">\n\t\t\t\t\t\t<div class=\"elementor-container elementor-column-gap-default\">\n\t\t\t\t\t<div class=\"elementor-column elementor-col-100 elementor-top-column elementor-element elementor-element-b09501a\" data-id=\"b09501a\" data-element_type=\"column\" data-e-type=\"column\">\n\t\t\t<div class=\"elementor-widget-wrap elementor-element-populated\">\n\t\t\t\t\t\t<div class=\"elementor-element elementor-element-5f592b6 elementor-widget elementor-widget-image\" data-id=\"5f592b6\" data-element_type=\"widget\" data-e-type=\"widget\" data-widget_type=\"image.default\">\n\t\t\t\t<div class=\"elementor-widget-container\">\n\t\t\t\t\t\t\t\t\t\t\t\t\t\t\t<img fetchpriority=\"high\" decoding=\"async\" width=\"600\" height=\"424\" src=\"https:\/\/casfc.fr\/wp-content\/uploads\/2026\/02\/david-goliath.webp\" class=\"attachment-large size-large wp-image-3317\" alt=\"\" srcset=\"https:\/\/casfc.fr\/wp-content\/uploads\/2026\/02\/david-goliath.webp 600w, https:\/\/casfc.fr\/wp-content\/uploads\/2026\/02\/david-goliath-300x212.webp 300w\" sizes=\"(max-width: 600px) 100vw, 600px\" \/>\t\t\t\t\t\t\t\t\t\t\t\t\t\t\t<\/div>\n\t\t\t\t<\/div>\n\t\t\t\t\t<\/div>\n\t\t<\/div>\n\t\t\t\t\t<\/div>\n\t\t<\/section>\n\t\t\t\t<section class=\"elementor-section elementor-top-section elementor-element elementor-element-1497a19 elementor-section-boxed elementor-section-height-default elementor-section-height-default\" data-id=\"1497a19\" data-element_type=\"section\" data-e-type=\"section\">\n\t\t\t\t\t\t<div class=\"elementor-container elementor-column-gap-default\">\n\t\t\t\t\t<div class=\"elementor-column elementor-col-100 elementor-top-column elementor-element elementor-element-6e5d2a3\" data-id=\"6e5d2a3\" data-element_type=\"column\" data-e-type=\"column\">\n\t\t\t<div class=\"elementor-widget-wrap elementor-element-populated\">\n\t\t\t\t\t\t<div class=\"elementor-element elementor-element-b5d3f56 elementor-widget elementor-widget-text-editor\" data-id=\"b5d3f56\" data-element_type=\"widget\" data-e-type=\"widget\" data-widget_type=\"text-editor.default\">\n\t\t\t\t<div class=\"elementor-widget-container\">\n\t\t\t\t\t\t\t\t\t<p>Il est rappel\u00e9 que, le transfert \u00e0 la FMS, des activit\u00e9s \u00e9conomiques relatives aux ateliers et chantiers d\u2019insertion g\u00e9r\u00e9es par le CASFC avait \u00e9t\u00e9 suspendu par ordonnance en date du 7 juin 2021 du juge des r\u00e9f\u00e9r\u00e9s du TA de NANCY.<\/p>\t\t\t\t\t\t\t\t<\/div>\n\t\t\t\t<\/div>\n\t\t\t\t\t<\/div>\n\t\t<\/div>\n\t\t\t\t\t<\/div>\n\t\t<\/section>\n\t\t\t\t<section class=\"elementor-section elementor-top-section elementor-element elementor-element-9d3ae08 elementor-section-boxed elementor-section-height-default elementor-section-height-default\" data-id=\"9d3ae08\" data-element_type=\"section\" data-e-type=\"section\">\n\t\t\t\t\t\t<div class=\"elementor-container elementor-column-gap-default\">\n\t\t\t\t\t<div class=\"elementor-column elementor-col-100 elementor-top-column elementor-element elementor-element-ff5bd7a\" data-id=\"ff5bd7a\" data-element_type=\"column\" data-e-type=\"column\">\n\t\t\t<div class=\"elementor-widget-wrap elementor-element-populated\">\n\t\t\t\t\t\t<div class=\"elementor-element elementor-element-0c246e5 elementor-widget elementor-widget-button\" data-id=\"0c246e5\" data-element_type=\"widget\" data-e-type=\"widget\" data-widget_type=\"button.default\">\n\t\t\t\t<div class=\"elementor-widget-container\">\n\t\t\t\t\t\t\t\t\t<div class=\"elementor-button-wrapper\">\n\t\t\t\t\t<a class=\"elementor-button elementor-button-link elementor-size-sm\" href=\"https:\/\/casfc.fr\/wp-content\/uploads\/2026\/02\/ordonnance-2101601.pdf\" target=\"_blank\">\n\t\t\t\t\t\t<span class=\"elementor-button-content-wrapper\">\n\t\t\t\t\t\t\t\t\t<span class=\"elementor-button-text\">Cliquez ici pour consulter l'ordonnance du juge des r\u00e9f\u00e9r\u00e9s<\/span>\n\t\t\t\t\t<\/span>\n\t\t\t\t\t<\/a>\n\t\t\t\t<\/div>\n\t\t\t\t\t\t\t\t<\/div>\n\t\t\t\t<\/div>\n\t\t\t\t<div class=\"elementor-element elementor-element-4cc4901 elementor-widget elementor-widget-text-editor\" data-id=\"4cc4901\" data-element_type=\"widget\" data-e-type=\"widget\" data-widget_type=\"text-editor.default\">\n\t\t\t\t<div class=\"elementor-widget-container\">\n\t\t\t\t\t\t\t\t\t<p>Cependant, \u00e0 d\u00e9faut de restitution des financements publics de ces activit\u00e9s d\u2019insertion, soit sous forme de conventionnement des ACI, soit au moyen de contrats uniques d\u2019insertion en PEC (parcours emploi comp\u00e9tences), le CASFC s\u2019\u00e9tait trouv\u00e9 contraint de cesser l\u2019ensemble de ces activit\u00e9s et de se s\u00e9parer du personnel affect\u00e9 \u00e0 ces activit\u00e9s d\u00e8s le mois d\u2019octobre 2021.<\/p>\n<ul>\n<li>Par jugement du TA de Nancy en date du 16 novembre 2023, sont annul\u00e9es&nbsp;:\n<ul>\n<li>les d\u00e9cisions du Pr\u00e9fet des Vosges, mettant fin \u00e0 la convention de subventionnement conclue avec l\u2019association CASFC au 31 mai 2021 et son avenant sign\u00e9 le 18 mai 2021 en ce qui concerne les ateliers et chantiers d\u2019insertion,<\/li>\n<li>ainsi que&nbsp; la d\u00e9cision accordant la convention de subventionnement \u00e0 la F\u00e9d\u00e9ration m\u00e9dico-sociale (FMS) des Vosges et la convention entre cette association et le Pr\u00e9fet des Vosges sign\u00e9e le 12 mai 2021.<\/li><\/ul><\/li><\/ul>\t\t\t\t\t\t\t\t<\/div>\n\t\t\t\t<\/div>\n\t\t\t\t<div class=\"elementor-element elementor-element-230f77e elementor-widget elementor-widget-button\" data-id=\"230f77e\" data-element_type=\"widget\" data-e-type=\"widget\" data-widget_type=\"button.default\">\n\t\t\t\t<div class=\"elementor-widget-container\">\n\t\t\t\t\t\t\t\t\t<div class=\"elementor-button-wrapper\">\n\t\t\t\t\t<a class=\"elementor-button elementor-button-link elementor-size-sm\" href=\"https:\/\/casfc.fr\/wp-content\/uploads\/2026\/02\/Convention-ACI_Jugement-TA-du-16-11-2023.pdf\" target=\"_blank\">\n\t\t\t\t\t\t<span class=\"elementor-button-content-wrapper\">\n\t\t\t\t\t\t\t\t\t<span class=\"elementor-button-text\">Cliquez ici pour consulter le jugement du Tribunal administratif du 16 novembre 2023<\/span>\n\t\t\t\t\t<\/span>\n\t\t\t\t\t<\/a>\n\t\t\t\t<\/div>\n\t\t\t\t\t\t\t\t<\/div>\n\t\t\t\t<\/div>\n\t\t\t\t\t<\/div>\n\t\t<\/div>\n\t\t\t\t\t<\/div>\n\t\t<\/section>\n\t\t\t\t<section class=\"elementor-section elementor-top-section elementor-element elementor-element-5495cd4 elementor-section-boxed elementor-section-height-default elementor-section-height-default\" data-id=\"5495cd4\" data-element_type=\"section\" data-e-type=\"section\">\n\t\t\t\t\t\t<div class=\"elementor-container elementor-column-gap-default\">\n\t\t\t\t\t<div class=\"elementor-column elementor-col-100 elementor-top-column elementor-element elementor-element-a362a8d\" data-id=\"a362a8d\" data-element_type=\"column\" data-e-type=\"column\">\n\t\t\t<div class=\"elementor-widget-wrap elementor-element-populated\">\n\t\t\t\t\t\t<div class=\"elementor-element elementor-element-913863e elementor-widget elementor-widget-text-editor\" data-id=\"913863e\" data-element_type=\"widget\" data-e-type=\"widget\" data-widget_type=\"text-editor.default\">\n\t\t\t\t<div class=\"elementor-widget-container\">\n\t\t\t\t\t\t\t\t\t<p>A noter que la F\u00e9d\u00e9ration M\u00e9dico Sociale (FMS) continue \u00e0 g\u00e9rer les ateliers et chantiers d&rsquo;insertion (ACI) confisqu\u00e9s au CASFC au sein de son entit\u00e9 C&rsquo;2act \u00e0 Rambervillers.<\/p><ul><li>Par jugement du TA de Nancy en date du 27 f\u00e9vrier 2025 est annul\u00e9e la d\u00e9cision du 13 janvier 2022 par laquelle le pr\u00e9fet conclut que le CASFC n\u2019est plus conventionn\u00e9 en tant qu\u2019atelier chantier d\u2019insertion, et qu\u2019il ne peut donc plus embaucher sous forme de contrats \u00e0 dur\u00e9e d\u00e9termin\u00e9e d&rsquo;insertion (CDDI).\u00a0<\/li><\/ul><p>En effet, le juge consid\u00e8re que le pr\u00e9fet a commis une erreur de droit en subordonnant la demande de conventionnement \u00e0 la production d\u2019un rescrit fiscal, \u00e9tant pr\u00e9cis\u00e9 que l&rsquo;administration des imp\u00f4ts avait d\u00e9j\u00e0 reconnu ant\u00e9rieurement le but non lucratif du CASFC.<\/p><p>Le juge a donc enjoint \u00e0 la pr\u00e9f\u00e8te des Vosges de r\u00e9examiner la demande de conventionnement du CASFC dans un d\u00e9lai de deux mois \u00e0 compter de la notification du jugement, sans toutefois assortir cette injonction d\u2019une astreinte.<\/p>\t\t\t\t\t\t\t\t<\/div>\n\t\t\t\t<\/div>\n\t\t\t\t<div class=\"elementor-element elementor-element-bcd6372 elementor-widget elementor-widget-button\" data-id=\"bcd6372\" data-element_type=\"widget\" data-e-type=\"widget\" data-widget_type=\"button.default\">\n\t\t\t\t<div class=\"elementor-widget-container\">\n\t\t\t\t\t\t\t\t\t<div class=\"elementor-button-wrapper\">\n\t\t\t\t\t<a class=\"elementor-button elementor-button-link elementor-size-sm\" href=\"https:\/\/casfc.fr\/wp-content\/uploads\/2026\/02\/2201895-et-2203158-CASFC_jugt-TA-NANCY-du-27-02-2025.pdf\" target=\"_blank\">\n\t\t\t\t\t\t<span class=\"elementor-button-content-wrapper\">\n\t\t\t\t\t\t\t\t\t<span class=\"elementor-button-text\">Cliquez ici pour consulter le jugement du Tribunal administratif du 27 f\u00e9vrier 2025<\/span>\n\t\t\t\t\t<\/span>\n\t\t\t\t\t<\/a>\n\t\t\t\t<\/div>\n\t\t\t\t\t\t\t\t<\/div>\n\t\t\t\t<\/div>\n\t\t\t\t\t<\/div>\n\t\t<\/div>\n\t\t\t\t\t<\/div>\n\t\t<\/section>\n\t\t\t\t<section class=\"elementor-section elementor-top-section elementor-element elementor-element-3bcfc2d elementor-section-boxed elementor-section-height-default elementor-section-height-default\" data-id=\"3bcfc2d\" data-element_type=\"section\" data-e-type=\"section\">\n\t\t\t\t\t\t<div class=\"elementor-container elementor-column-gap-default\">\n\t\t\t\t\t<div class=\"elementor-column elementor-col-100 elementor-top-column elementor-element elementor-element-b5102e3\" data-id=\"b5102e3\" data-element_type=\"column\" data-e-type=\"column\">\n\t\t\t<div class=\"elementor-widget-wrap\">\n\t\t\t\t\t\t\t<\/div>\n\t\t<\/div>\n\t\t\t\t\t<\/div>\n\t\t<\/section>\n\t\t\t\t<\/div>\n\t\t","protected":false},"excerpt":{"rendered":"<p>Le CASFC r\u00e9tabli dans son droit de g\u00e9rer des ateliers et chantiers d&rsquo;insertion Il est rappel\u00e9 que, le transfert \u00e0 la FMS, des activit\u00e9s \u00e9conomiques relatives aux ateliers et chantiers d\u2019insertion g\u00e9r\u00e9es par le CASFC avait \u00e9t\u00e9 suspendu par ordonnance en date du 7 juin 2021 du juge des r\u00e9f\u00e9r\u00e9s du TA de NANCY. Cliquez [&hellip;]<\/p>\n","protected":false},"author":2,"featured_media":0,"parent":0,"menu_order":0,"comment_status":"closed","ping_status":"closed","template":"","meta":{"footnotes":""},"class_list":["post-2669","page","type-page","status-publish","hentry","entry"],"_links":{"self":[{"href":"https:\/\/casfc.fr\/index.php\/wp-json\/wp\/v2\/pages\/2669","targetHints":{"allow":["GET"]}}],"collection":[{"href":"https:\/\/casfc.fr\/index.php\/wp-json\/wp\/v2\/pages"}],"about":[{"href":"https:\/\/casfc.fr\/index.php\/wp-json\/wp\/v2\/types\/page"}],"author":[{"embeddable":true,"href":"https:\/\/casfc.fr\/index.php\/wp-json\/wp\/v2\/users\/2"}],"replies":[{"embeddable":true,"href":"https:\/\/casfc.fr\/index.php\/wp-json\/wp\/v2\/comments?post=2669"}],"version-history":[{"count":6,"href":"https:\/\/casfc.fr\/index.php\/wp-json\/wp\/v2\/pages\/2669\/revisions"}],"predecessor-version":[{"id":3321,"href":"https:\/\/casfc.fr\/index.php\/wp-json\/wp\/v2\/pages\/2669\/revisions\/3321"}],"wp:attachment":[{"href":"https:\/\/casfc.fr\/index.php\/wp-json\/wp\/v2\/media?parent=2669"}],"curies":[{"name":"wp","href":"https:\/\/api.w.org\/{rel}","templated":true}]}}